{"id":69,"date":"2016-05-18T19:50:33","date_gmt":"2016-05-18T19:50:33","guid":{"rendered":"http:\/\/www.leaders.com.br\/?page_id=69"},"modified":"2016-05-20T14:03:21","modified_gmt":"2016-05-20T14:03:21","slug":"quando","status":"publish","type":"page","link":"https:\/\/www.leaders.com.br\/?page_id=69","title":{"rendered":"Quando ?"},"content":{"rendered":"<p>A qualquer tempo, no tempo que for necess\u00e1rio. N\u00e3o nos prendemos aos hor\u00e1rios mas desejamos pontuar nosso opini\u00e3o pontualmente sempre que julgarmos necess\u00e1rio.<\/p>\n<p>O pensamento surge quando o tempo urge.<\/p>\n","protected":false},"excerpt":{"rendered":"<p>A qualquer tempo, no tempo que for necess\u00e1rio. N\u00e3o nos prendemos aos hor\u00e1rios mas desejamos pontuar nosso opini\u00e3o pontualmente sempre que julgarmos necess\u00e1rio. O pensamento surge quando o tempo urge.<\/p>\n","protected":false},"author":1,"featured_media":0,"parent":0,"menu_order":0,"comment_status":"closed","ping_status":"closed","template":"","meta":[],"_links":{"self":[{"href":"https:\/\/www.leaders.com.br\/index.php?rest_route=\/wp\/v2\/pages\/69"}],"collection":[{"href":"https:\/\/www.leaders.com.br\/index.php?rest_route=\/wp\/v2\/pages"}],"about":[{"href":"https:\/\/www.leaders.com.br\/index.php?rest_route=\/wp\/v2\/types\/page"}],"author":[{"embeddable":true,"href":"https:\/\/www.leaders.com.br\/index.php?rest_route=\/wp\/v2\/users\/1"}],"replies":[{"embeddable":true,"href":"https:\/\/www.leaders.com.br\/index.php?rest_route=%2Fwp%2Fv2%2Fcomments&post=69"}],"version-history":[{"count":2,"href":"https:\/\/www.leaders.com.br\/index.php?rest_route=\/wp\/v2\/pages\/69\/revisions"}],"predecessor-version":[{"id":98,"href":"https:\/\/www.leaders.com.br\/index.php?rest_route=\/wp\/v2\/pages\/69\/revisions\/98"}],"wp:attachment":[{"href":"https:\/\/www.leaders.com.br\/index.php?rest_route=%2Fwp%2Fv2%2Fmedia&parent=69"}],"curies":[{"name":"wp","href":"https:\/\/api.w.org\/{rel}","templated":true}]}}