{"id":62,"date":"2016-05-18T19:43:47","date_gmt":"2016-05-18T19:43:47","guid":{"rendered":"http:\/\/www.leaders.com.br\/?page_id=62"},"modified":"2016-05-20T14:02:10","modified_gmt":"2016-05-20T14:02:10","slug":"quem","status":"publish","type":"page","link":"https:\/\/www.leaders.com.br\/?page_id=62","title":{"rendered":"Quem ?"},"content":{"rendered":"<p>Somos um grupo de construtores de opini\u00e3o que tem por finalidade demolir.<\/p>\n<p>Buscamos a justi\u00e7a, mesmo que para isso tenhamos que ir contra o sistema. Somos\u00a0apol\u00edticos e apartid\u00e1rios.<\/p>\n<p>N\u00e3o somos direita, nem de esquerda.<\/p>\n<p>Aqui somos para frente.<\/p>\n","protected":false},"excerpt":{"rendered":"<p>Somos um grupo de construtores de opini\u00e3o que tem por finalidade demolir. Buscamos a justi\u00e7a, mesmo que para isso tenhamos que ir contra o sistema. Somos\u00a0apol\u00edticos e apartid\u00e1rios. N\u00e3o somos direita, nem de esquerda. Aqui somos para frente.<\/p>\n","protected":false},"author":1,"featured_media":0,"parent":0,"menu_order":0,"comment_status":"closed","ping_status":"closed","template":"","meta":[],"_links":{"self":[{"href":"https:\/\/www.leaders.com.br\/index.php?rest_route=\/wp\/v2\/pages\/62"}],"collection":[{"href":"https:\/\/www.leaders.com.br\/index.php?rest_route=\/wp\/v2\/pages"}],"about":[{"href":"https:\/\/www.leaders.com.br\/index.php?rest_route=\/wp\/v2\/types\/page"}],"author":[{"embeddable":true,"href":"https:\/\/www.leaders.com.br\/index.php?rest_route=\/wp\/v2\/users\/1"}],"replies":[{"embeddable":true,"href":"https:\/\/www.leaders.com.br\/index.php?rest_route=%2Fwp%2Fv2%2Fcomments&post=62"}],"version-history":[{"count":3,"href":"https:\/\/www.leaders.com.br\/index.php?rest_route=\/wp\/v2\/pages\/62\/revisions"}],"predecessor-version":[{"id":96,"href":"https:\/\/www.leaders.com.br\/index.php?rest_route=\/wp\/v2\/pages\/62\/revisions\/96"}],"wp:attachment":[{"href":"https:\/\/www.leaders.com.br\/index.php?rest_route=%2Fwp%2Fv2%2Fmedia&parent=62"}],"curies":[{"name":"wp","href":"https:\/\/api.w.org\/{rel}","templated":true}]}}